{"id":38,"date":"2019-07-10T10:47:28","date_gmt":"2019-07-10T08:47:28","guid":{"rendered":"http:\/\/s646654152.onlinehome.fr\/ndgwp\/?page_id=38"},"modified":"2019-07-10T15:14:09","modified_gmt":"2019-07-10T13:14:09","slug":"priere","status":"publish","type":"page","link":"http:\/\/s646654152.onlinehome.fr\/ndgwp\/priere\/","title":{"rendered":"Pri\u00e8re"},"content":{"rendered":"\n<div class=\"wp-block-image\"><figure class=\"alignright is-resized\"><img loading=\"lazy\" decoding=\"async\" src=\"http:\/\/s646654152.onlinehome.fr\/ndgwp\/wp-content\/uploads\/2019\/07\/photo_priere.jpg\" alt=\"\" class=\"wp-image-52\" width=\"343\" height=\"509\" srcset=\"http:\/\/s646654152.onlinehome.fr\/ndgwp\/wp-content\/uploads\/2019\/07\/photo_priere.jpg 261w, http:\/\/s646654152.onlinehome.fr\/ndgwp\/wp-content\/uploads\/2019\/07\/photo_priere-202x300.jpg 202w\" sizes=\"auto, (max-width: 343px) 100vw, 343px\" \/><\/figure><\/div>\n\n\n\n<p style=\"text-align:center\">Notre Dame de Gr\u00e2ce,<br>avec toi, nous nous souvenons des merveilles<br>que fit pour toi le Seigneur.<br>Il t&rsquo;a choisie pour M\u00e8re.<br>Tu \u00e9tais au pied de la croix.<br>Il te fait partager sa gloire.<br>Il \u00e9coute ta pri\u00e8re<br>Pr\u00e9sente-lui nos louanges, nos actions de gr\u00e2ces<br>et nos demandes.<br>Puissions-nous vivre comme toi<br>dans l&rsquo;amour de ton Fils,<br>pour que son r\u00e8gne vienne !<br>Conduis tous les hommes \u00e0 Lui<br>l&rsquo;unique source du salut.<br>Vois notre confiance,<br>toi qui est toujours notre m\u00e8re !<br><br>                                                                              Amen<\/p>\n","protected":false},"excerpt":{"rendered":"<p>Notre Dame de Gr\u00e2ce,avec toi, nous nous souvenons des merveillesque fit pour toi le Seigneur.Il t&rsquo;a choisie pour M\u00e8re.Tu \u00e9tais au pied de la croix.Il [&#8230;]<\/p>\n","protected":false},"author":1,"featured_media":0,"parent":0,"menu_order":0,"comment_status":"closed","ping_status":"closed","template":"","meta":{"footnotes":""},"class_list":["post-38","page","type-page","status-publish","hentry"],"_links":{"self":[{"href":"http:\/\/s646654152.onlinehome.fr\/ndgwp\/wp-json\/wp\/v2\/pages\/38","targetHints":{"allow":["GET"]}}],"collection":[{"href":"http:\/\/s646654152.onlinehome.fr\/ndgwp\/wp-json\/wp\/v2\/pages"}],"about":[{"href":"http:\/\/s646654152.onlinehome.fr\/ndgwp\/wp-json\/wp\/v2\/types\/page"}],"author":[{"embeddable":true,"href":"http:\/\/s646654152.onlinehome.fr\/ndgwp\/wp-json\/wp\/v2\/users\/1"}],"replies":[{"embeddable":true,"href":"http:\/\/s646654152.onlinehome.fr\/ndgwp\/wp-json\/wp\/v2\/comments?post=38"}],"version-history":[{"count":8,"href":"http:\/\/s646654152.onlinehome.fr\/ndgwp\/wp-json\/wp\/v2\/pages\/38\/revisions"}],"predecessor-version":[{"id":59,"href":"http:\/\/s646654152.onlinehome.fr\/ndgwp\/wp-json\/wp\/v2\/pages\/38\/revisions\/59"}],"wp:attachment":[{"href":"http:\/\/s646654152.onlinehome.fr\/ndgwp\/wp-json\/wp\/v2\/media?parent=38"}],"curies":[{"name":"wp","href":"https:\/\/api.w.org\/{rel}","templated":true}]}}