{"id":36,"date":"2019-07-10T10:47:12","date_gmt":"2019-07-10T08:47:12","guid":{"rendered":"http:\/\/s646654152.onlinehome.fr\/ndgwp\/?page_id=36"},"modified":"2019-07-10T15:46:24","modified_gmt":"2019-07-10T13:46:24","slug":"liens","status":"publish","type":"page","link":"http:\/\/s646654152.onlinehome.fr\/ndgwp\/liens\/","title":{"rendered":"Liens"},"content":{"rendered":"<ul>\n<li><a href=\"https:\/\/www.nimes-catholique.fr\/\" target=\"_blank\" rel=\"noopener noreferrer\">Eglise catholique dans le Gard<\/a><br \/>\n<span style=\"color: #808080;\">Site du dioc\u00e8se de N\u00eemes<\/span><\/li>\n<li><a href=\"https:\/\/eglise.catholique.fr\/\" target=\"_blank\" rel=\"noopener noreferrer\">Eglise catholique en France<\/a><br \/>\n<span style=\"color: #808080;\">Site de la Conf\u00e9rence des \u00c9v\u00eaques de France<\/span><\/li>\n<li><a href=\"https:\/\/www.aelf.org\/\" target=\"_blank\" rel=\"noopener noreferrer\">Lecture du jour<\/a><br \/>\n<span style=\"color: #808080;\">Association \u00c9piscopale Liturgique pour les pays Francophones<\/span><\/li>\n<li><a href=\"https:\/\/www.nimes-catholique.fr\/trouver-une-paroisse\/ensemble-paroissial-de-villeneuve\/\" target=\"_blank\" rel=\"noopener noreferrer\">Site de l&rsquo;ensemble paroissial de Villeneuve<\/a><br \/>\n(Saze, Pujaut, Rochefort du Gard, Les Angles, Villeneuve les Avignon)<br \/>\n<span style=\"color: #808080;\">Espace partenaire<\/span><\/li>\n<li><a href=\"http:\/\/w2.vatican.va\/content\/vatican\/fr.html\" target=\"_blank\" rel=\"noopener noreferrer\">Site du Vatican<\/a><br \/>\n<span style=\"color: #808080;\">Eglise universelle<\/span><\/li>\n<\/ul>\n","protected":false},"excerpt":{"rendered":"<p>Eglise catholique dans le Gard Site du dioc\u00e8se de N\u00eemes Eglise catholique en France Site de la Conf\u00e9rence des \u00c9v\u00eaques de France Lecture du jour [&#8230;]<\/p>\n","protected":false},"author":1,"featured_media":0,"parent":0,"menu_order":0,"comment_status":"closed","ping_status":"closed","template":"","meta":{"footnotes":""},"class_list":["post-36","page","type-page","status-publish","hentry"],"_links":{"self":[{"href":"http:\/\/s646654152.onlinehome.fr\/ndgwp\/wp-json\/wp\/v2\/pages\/36","targetHints":{"allow":["GET"]}}],"collection":[{"href":"http:\/\/s646654152.onlinehome.fr\/ndgwp\/wp-json\/wp\/v2\/pages"}],"about":[{"href":"http:\/\/s646654152.onlinehome.fr\/ndgwp\/wp-json\/wp\/v2\/types\/page"}],"author":[{"embeddable":true,"href":"http:\/\/s646654152.onlinehome.fr\/ndgwp\/wp-json\/wp\/v2\/users\/1"}],"replies":[{"embeddable":true,"href":"http:\/\/s646654152.onlinehome.fr\/ndgwp\/wp-json\/wp\/v2\/comments?post=36"}],"version-history":[{"count":3,"href":"http:\/\/s646654152.onlinehome.fr\/ndgwp\/wp-json\/wp\/v2\/pages\/36\/revisions"}],"predecessor-version":[{"id":62,"href":"http:\/\/s646654152.onlinehome.fr\/ndgwp\/wp-json\/wp\/v2\/pages\/36\/revisions\/62"}],"wp:attachment":[{"href":"http:\/\/s646654152.onlinehome.fr\/ndgwp\/wp-json\/wp\/v2\/media?parent=36"}],"curies":[{"name":"wp","href":"https:\/\/api.w.org\/{rel}","templated":true}]}}