{"id":25,"date":"2019-07-10T10:35:20","date_gmt":"2019-07-10T08:35:20","guid":{"rendered":"http:\/\/s646654152.onlinehome.fr\/ndgwp\/?page_id=25"},"modified":"2019-07-10T16:05:56","modified_gmt":"2019-07-10T14:05:56","slug":"contacts","status":"publish","type":"page","link":"http:\/\/s646654152.onlinehome.fr\/ndgwp\/contacts\/","title":{"rendered":"Contacts"},"content":{"rendered":"\n<p>Tel : 04 90 31 72 01<br>Mail :&nbsp;<a href=\"mailto:accueil@ndg30.fr\">accueil@ndg30.fr<\/a><\/p>\n\n\n<p><u>Pour vous rendre au sanctuaire<\/u><br data-rich-text-line-break=\"true\"><br data-rich-text-line-break=\"true\">A 10 minutes des sorties d&rsquo;autoroute \u00ab\u00a0Remoulins\u00a0\u00bb et \u00ab\u00a0Roquemaure\u00a0\u00bb (A9) et \u00e0 10 minutes d&rsquo;Avignon.<br data-rich-text-line-break=\"true\"><br data-rich-text-line-break=\"true\">Le sanctuaire est situ\u00e9 \u00e0 la sortie de Rochefort du Gard en venant de N\u00eemes ou \u00e0 son entr\u00e9e en venant de Bagnols sur C\u00e8ze ou Roquemaure.<br data-rich-text-line-break=\"true\"><br data-rich-text-line-break=\"true\">On y acc\u00e8de \u00e0 partir de la route de Tavel.<\/p>\n\n\n<iframe loading=\"lazy\" width=\"825\" height=\"450\" frameborder=\"0\" scrolling=\"no\" marginheight=\"0\" marginwidth=\"0\" src=\"http:\/\/maps.google.fr\/maps?f=q&amp;source=s_q&amp;hl=fr&amp;geocode=&amp;q=43.98297662,+4.69568787&amp;sll=37.772173,-122.411857&amp;sspn=0.00709,0.013754&amp;ie=UTF8&amp;z=13&amp;ll=43.98297662,4.69568787&amp;output=embed\"><\/iframe>\n<p>\n  <small><a href=\"http:\/\/maps.google.fr\/maps?f=q&amp;source=embed&amp;hl=fr&amp;geocode=&amp;q=43.98297662,+4.69568787&amp;sll=37.772173,-122.411857&amp;sspn=0.00709,0.013754&amp;ie=UTF8&amp;z=13&amp;ll=43.98297662,4.69568787\" style=\"color:#0000FF\" target=\"_blank\" title=\"Agrandir le plan\" rel=\"noopener noreferrer\">\n","protected":false},"excerpt":{"rendered":"<p>Tel : 04 90 31 72 01Mail :&nbsp;accueil@ndg30.fr Pour vous rendre au sanctuaireA 10 minutes des sorties d&rsquo;autoroute \u00ab\u00a0Remoulins\u00a0\u00bb et \u00ab\u00a0Roquemaure\u00a0\u00bb (A9) et \u00e0 10 [&#8230;]<\/p>\n","protected":false},"author":1,"featured_media":0,"parent":0,"menu_order":0,"comment_status":"closed","ping_status":"closed","template":"","meta":{"footnotes":""},"class_list":["post-25","page","type-page","status-publish","hentry"],"_links":{"self":[{"href":"http:\/\/s646654152.onlinehome.fr\/ndgwp\/wp-json\/wp\/v2\/pages\/25","targetHints":{"allow":["GET"]}}],"collection":[{"href":"http:\/\/s646654152.onlinehome.fr\/ndgwp\/wp-json\/wp\/v2\/pages"}],"about":[{"href":"http:\/\/s646654152.onlinehome.fr\/ndgwp\/wp-json\/wp\/v2\/types\/page"}],"author":[{"embeddable":true,"href":"http:\/\/s646654152.onlinehome.fr\/ndgwp\/wp-json\/wp\/v2\/users\/1"}],"replies":[{"embeddable":true,"href":"http:\/\/s646654152.onlinehome.fr\/ndgwp\/wp-json\/wp\/v2\/comments?post=25"}],"version-history":[{"count":7,"href":"http:\/\/s646654152.onlinehome.fr\/ndgwp\/wp-json\/wp\/v2\/pages\/25\/revisions"}],"predecessor-version":[{"id":69,"href":"http:\/\/s646654152.onlinehome.fr\/ndgwp\/wp-json\/wp\/v2\/pages\/25\/revisions\/69"}],"wp:attachment":[{"href":"http:\/\/s646654152.onlinehome.fr\/ndgwp\/wp-json\/wp\/v2\/media?parent=25"}],"curies":[{"name":"wp","href":"https:\/\/api.w.org\/{rel}","templated":true}]}}